{"id":32474,"date":"2011-09-04T03:05:13","date_gmt":"2011-09-04T07:05:13","guid":{"rendered":"https:\/\/www.clevelandregos.org\/?page_id=32474"},"modified":"2023-08-30T22:02:16","modified_gmt":"2023-08-31T02:02:16","slug":"photos","status":"publish","type":"page","link":"https:\/\/www.clevelandregos.org\/en\/photos\/","title":{"rendered":"Photos"},"content":{"rendered":"<p><a href=\"https:\/\/www.facebook.com\/clevelandregos\/photos_albums\">Photos from our Facebook page<\/a><\/p>\n<p><a href=\"https:\/\/www.clevelandregos.org\/regosok-a-szt-imre-templom-elott-misere-keszen\/\">2023 Reg\u00f6s\u00f6k a Szt. Imre Templom el\u0151tt, mis\u00e9re k\u00e9szen.<\/a><br \/>\n<a title=\"2001 K\u00f6r\u00fat\" href=\"https:\/\/www.clevelandregos.org\/photos\/2001-korut\/\">2001 K\u00f6r\u00fat<\/a><br \/>\n<a title=\"2013 jul Smithsonian\" href=\"https:\/\/www.clevelandregos.org\/photos\/2013-jul-smithsonian\/\">2013 jul Smithsonian<\/a><\/p>\n","protected":false},"excerpt":{"rendered":"<p>Photos from our Facebook page 2023 Reg\u00f6s\u00f6k a Szt. Imre Templom el\u0151tt, mis\u00e9re k\u00e9szen. 2001 K\u00f6r\u00fat 2013 jul Smithsonian<\/p>\n","protected":false},"author":12,"featured_media":0,"parent":0,"menu_order":0,"comment_status":"open","ping_status":"open","template":"","meta":{"_et_pb_use_builder":"","_et_pb_old_content":"","_et_gb_content_width":"","jetpack_post_was_ever_published":false,"footnotes":""},"class_list":["post-32474","page","type-page","status-publish","hentry"],"jetpack_shortlink":"https:\/\/wp.me\/P20g3Y-8rM","jetpack_sharing_enabled":true,"jetpack_likes_enabled":true,"_links":{"self":[{"href":"https:\/\/www.clevelandregos.org\/en\/wp-json\/wp\/v2\/pages\/32474","targetHints":{"allow":["GET"]}}],"collection":[{"href":"https:\/\/www.clevelandregos.org\/en\/wp-json\/wp\/v2\/pages"}],"about":[{"href":"https:\/\/www.clevelandregos.org\/en\/wp-json\/wp\/v2\/types\/page"}],"author":[{"embeddable":true,"href":"https:\/\/www.clevelandregos.org\/en\/wp-json\/wp\/v2\/users\/12"}],"replies":[{"embeddable":true,"href":"https:\/\/www.clevelandregos.org\/en\/wp-json\/wp\/v2\/comments?post=32474"}],"version-history":[{"count":2,"href":"https:\/\/www.clevelandregos.org\/en\/wp-json\/wp\/v2\/pages\/32474\/revisions"}],"predecessor-version":[{"id":32476,"href":"https:\/\/www.clevelandregos.org\/en\/wp-json\/wp\/v2\/pages\/32474\/revisions\/32476"}],"wp:attachment":[{"href":"https:\/\/www.clevelandregos.org\/en\/wp-json\/wp\/v2\/media?parent=32474"}],"curies":[{"name":"wp","href":"https:\/\/api.w.org\/{rel}","templated":true}]}}