{"id":32465,"date":"2011-09-04T02:43:33","date_gmt":"2011-09-04T06:43:33","guid":{"rendered":"https:\/\/www.clevelandregos.org\/a-regos-tancegyuttes-tortenete\/"},"modified":"2023-09-18T17:27:14","modified_gmt":"2023-09-18T21:27:14","slug":"the-history-of-the-regos-folk-ensemble","status":"publish","type":"page","link":"https:\/\/www.clevelandregos.org\/en\/the-history-of-the-regos-folk-ensemble\/","title":{"rendered":"The History of the &#8220;Reg\u00f6s&#8221; Folk Ensemble"},"content":{"rendered":"<h5 style=\"text-align: justify;\">Keeping tradition alive since 1973<\/h5>\n<h3 style=\"text-align: justify;\">Beginnings: How do we keep the teenagers busy?<\/h3>\n<p style=\"text-align: justify;\">In 1973, the scout troops of Cleveland had a large population of teenage leaders. They were responsible, hard-working kids giving back to the troops\u2026 but two adult leaders, Magdi and Andr\u00e1s Temesv\u00e1ry, realized that something more was needed to keep them engaged. The Hungarian Scout Folk Ensemble was born!<\/p>\n<p style=\"text-align: justify;\">And it\u2019s been thriving for half a century, keeping generations of Cleveland Hungarian teens involved and active in the community. Their goal is to preserve the folk traditions of the Hungarians living in the Carpathian basin; to search out the arts, make them their own, present them to audiences \u2013 and have fun doing it. The group dances, performs ballads, makes its own folk costumes, sings as a choir, carves and paints wood crafts, and celebrates the holidays in Hungarian tradition.<\/p>\n<p style=\"text-align: justify;\">More recently, they expanded their focus to include the traditions of the Hungarian community in Cleveland.<\/p>\n<h3 style=\"text-align: justify;\">Who we are<\/h3>\n<p style=\"text-align: justify;\">In the past 50 years, nearly 400 young people have joined the group, and almost 30 have served as leaders.<\/p>\n<p style=\"text-align: justify;\">To be a member, you must be an active leader in the Hungarian scout troops, at least 14 years old, and fluent in Hungarian. The Ensemble meets weekly on Tuesday evenings for two and a half hours.<\/p>\n<p style=\"text-align: justify;\">Once a year, members attend intensive \u201cfolk camp\u201d weekends, where guest teachers and artists teach new dances, crafts, cooking and songs.<\/p>\n<h3 style=\"text-align: justify;\">Performances<\/h3>\n<p style=\"text-align: justify;\">The Hungarian Scout Folk Ensemble has performed in Illinois, Michigan, New York, New Jersey, Ontario, Pennsylvania, Quebec, Toronto, Washington DC, Hungary, and Transylvania, as well as locally at Cleveland State University, Kent State, Canton Civic Center, E.J. Thomas Hall, the Palace and Allen Theatres, and on stage at the Blossom Music Center. Their audience has included mayors, governors, ambassadors, President Ronald Reagan, and Hungarian leaders, including Viktor Orb\u00e1n, Katalin Nov\u00e1k, and G\u00e9za Jeszenszky.<\/p>\n<p style=\"text-align: justify;\">In the past year alone, the Folk Ensemble was featured at Hungarian events in the Cleveland area: harvest festivals, commemorations, events at the Cleveland Hungarian Museum, international festivals, Scout Day, and the Scout Ball. A special highlight was their April performance in New Brunswick, NJ, at the Pontoz\u00f3 Folk Dance Festival \u2013 North America\u2019s premier Hungarian folk dance competition. The members of the Folk Ensemble did themselves proud: their R\u00e1bak\u00f6z choreography and the Tardona girls&#8217; dance were awarded the gold medal, and Juli\u00e1n Bal\u00e1ssy\u2019s solo \u201cSz\u00e9ki\u201d dance also earned a gold medal.<\/p>\n<h3 style=\"text-align: justify;\">Those fabulous costumes<\/h3>\n<p style=\"text-align: justify;\">For each dance performance, dancers use the group\u2019s own costumes, most of which are handmade. Though they have been stitched over generations by the dancers, their parents, and grandparents, the costumes remain the property of the group. Since 1990, some of the costume sets have also been handmade in Hungary, Vojvodina (Serbia), and Transylvania. In addition, generous donors and other dance groups have bequeathed beautiful costumes to the Ensemble. Thanks to the tireless efforts of the volunteer costume crew, the group now owns and maintains 30 different costume sets, representing nearly every region of Hungary.<\/p>\n<h3 style=\"text-align: justify;\">Back to the old country: Study tours in Central Europe<\/h3>\n<p style=\"text-align: justify;\">In 2001, 2011, and 2016, the Ensemble organized three-week tours to villages in Hungarian-inhabited areas of the Carpathian Basin, including the Pal\u00f3c region (northern Hungary); Transylvania; Subcarpathia (Western Ukraine); Vojvodina (Serbia); and Slovakia. Each tour represented the culmination of years of work by Ensemble participants. For some, the Ensemble tour was their first visit to the land of their ancestors.<\/p>\n<p style=\"text-align: justify;\">An Ensemble trip is no ordinary vacation. Though each tour is a bit different, they all begin with an extended stay in Kaz\u00e1r (northern Hungary), a village with a well-preserved \u201ePal\u00f3c\u201d folk tradition. Participants stay with local families, collect folk songs, engage elderly villagers in storytelling, and meet local historians and ethnographers. They learn local dances and songs, make pickles and sausage, bake bread, and walk together to Sunday mass dressed in Kaz\u00e1r costume.<\/p>\n<p style=\"text-align: justify;\">They also explore the more recent history of the region, visiting an old mine, a local glass factory, and the memorial park at nearby Recsk \u2013 Hungary\u2019s most infamous forced-labor camp, where the Communist regime interned about 1,500 \u201cpolitical enemies\u201d in the early 1950s. One visiting scout recognized the name of his uncle on the memorial plaque.<\/p>\n<h3 style=\"text-align: justify;\">Coming soon: Tour 2023!<\/h3>\n<p style=\"text-align: justify;\">In June of 2023, the Ensemble is off again, on its first post-pandemic tour. After the initial week in Kaz\u00e1r, they will penetrate deep into ethnic Hungarian regions of Udvarhelysz\u00e9k and Cs\u00edksz\u00e9k in Transylvania. The tour concludes with three days in the Moldova region of Romania. Planning and fundraising have been underway for months, and the young participants \u2013 who also help with the fundraising \u2013 are completing research assignments on different topics, which they will present to their peers.<\/p>\n<h3 style=\"text-align: justify;\">Anniversary Galas<\/h3>\n<p style=\"text-align: justify;\">Every five years, the Hungarian Scout Folk Ensemble produces a large-scale gala performance to celebrate the anniversary. The spectacular program features not only current members of the Ensemble, but also past (alumni) and future members (younger children from the scout troops).<\/p>\n<p style=\"text-align: justify;\">Each gala program follows a theme, such as Treasure Chest; Memory Book (highlights of the Ensemble\u2019s history); In the Footsteps of Zolt\u00e1n Kod\u00e1ly; Cradle to the Grave (customs to mark each of life\u2019s turning points); and Just Once a Year (special traditions throughout the year).<\/p>\n<p style=\"text-align: justify;\">Gala productions have included a wide repertoire of folk dances, ranging from Somogy pair dances and the ribbon-waving \u201cp\u00e1ntlik\u00e1z\u00f3\u201d to the Kapuv\u00e1r Cs\u00e1rd\u00e1s, the Hortob\u00e1gy shepherds\u2019 dances, and dances from Kaz\u00e1r and M\u00e9ra.<\/p>\n<h3 style=\"text-align: justify;\">Save the date: Golden Gala on November 18<\/h3>\n<p style=\"text-align: justify;\">This year\u2019s gala will be the tenth such event, to be held November 18 in Cleveland. Given the 50th anniversary, the theme is \u201cGolden Wedding.\u201d<\/p>\n<p style=\"text-align: justify;\">Program highlights include the St. Ivan\u2019s Day \u201cfire jumping\u201d custom; the children\u2019s \u201cwedding game;\u201d and a series of dances from the regions of Transylvania, R\u00e1bak\u00f6z, Pal\u00f3c and Moldova. Finally, the \u201cSz\u00e9ki\u201d and Szatm\u00e1r dances will showcase the interweaving of generations and traditions from the Ensemble\u2019s proud half-century history.<\/p>\n<h3 style=\"text-align: justify;\">Into the future<\/h3>\n<p style=\"text-align: justify;\">The Folk Ensemble creates a space and an opportunity for all who are interested in the rich traditions of Hungarian folk art and dance. For a few years during their high school years, participants experience these traditions as part of a community of peers, connecting with a living heritage both in Cleveland and their ancestral homeland.<\/p>\n<p style=\"text-align: justify;\">Some of them continue to practice folk dance into adulthood. For example, former Ensemble member Keve Pigniczky, 26, was awarded the Golden Spur at Hungary\u2019s prestigious Solo Dance Competition in April 2023 &#8211; the first dancer from the West receive this distinction.<\/p>\n<p style=\"text-align: justify;\">Many members have stories to tell about what they have gained from Ensemble during their formative years \u2013 a powerful reinforcement of their knowledge, skills, and identity. The Hungarian Scout Folk Ensemble is a continuing source of value not only for participants, but for the greater community, both Hungarians and non-Hungarians, locally and around the world.<\/p>\n","protected":false},"excerpt":{"rendered":"<p>Keeping tradition alive since 1973 Beginnings: How do we keep the teenagers busy? In 1973, the scout troops of Cleveland had a large population of teenage leaders. They were responsible, hard-working kids giving back to the troops\u2026 but two adult leaders, Magdi and Andr\u00e1s Temesv\u00e1ry, realized that something more was needed to keep them engaged. [&hellip;]<\/p>\n","protected":false},"author":1,"featured_media":32890,"parent":0,"menu_order":0,"comment_status":"open","ping_status":"open","template":"","meta":{"_et_pb_use_builder":"","_et_pb_old_content":"","_et_gb_content_width":"","jetpack_post_was_ever_published":false,"footnotes":""},"class_list":["post-32465","page","type-page","status-publish","has-post-thumbnail","hentry"],"jetpack_shortlink":"https:\/\/wp.me\/P20g3Y-8rD","jetpack_sharing_enabled":true,"jetpack_likes_enabled":true,"_links":{"self":[{"href":"https:\/\/www.clevelandregos.org\/en\/wp-json\/wp\/v2\/pages\/32465","targetHints":{"allow":["GET"]}}],"collection":[{"href":"https:\/\/www.clevelandregos.org\/en\/wp-json\/wp\/v2\/pages"}],"about":[{"href":"https:\/\/www.clevelandregos.org\/en\/wp-json\/wp\/v2\/types\/page"}],"author":[{"embeddable":true,"href":"https:\/\/www.clevelandregos.org\/en\/wp-json\/wp\/v2\/users\/1"}],"replies":[{"embeddable":true,"href":"https:\/\/www.clevelandregos.org\/en\/wp-json\/wp\/v2\/comments?post=32465"}],"version-history":[{"count":8,"href":"https:\/\/www.clevelandregos.org\/en\/wp-json\/wp\/v2\/pages\/32465\/revisions"}],"predecessor-version":[{"id":32941,"href":"https:\/\/www.clevelandregos.org\/en\/wp-json\/wp\/v2\/pages\/32465\/revisions\/32941"}],"wp:featuredmedia":[{"embeddable":true,"href":"https:\/\/www.clevelandregos.org\/en\/wp-json\/wp\/v2\/media\/32890"}],"wp:attachment":[{"href":"https:\/\/www.clevelandregos.org\/en\/wp-json\/wp\/v2\/media?parent=32465"}],"curies":[{"name":"wp","href":"https:\/\/api.w.org\/{rel}","templated":true}]}}